{"id":357,"date":"2025-02-26T16:19:05","date_gmt":"2025-02-26T15:19:05","guid":{"rendered":"https:\/\/www.franziskaneum.de\/wp\/?page_id=357"},"modified":"2025-09-15T20:41:38","modified_gmt":"2025-09-15T18:41:38","slug":"oertlicher-personalrat","status":"publish","type":"page","link":"https:\/\/www.franziskaneum.de\/wp\/oertlicher-personalrat\/","title":{"rendered":"\u00d6rtlicher Personalrat"},"content":{"rendered":"\n<p>An unserer Schule geh\u00f6ren folgende Lehrer zum Personalrat (gew\u00e4hlt bis Mai 2021):<\/p>\n\n\n\n<p><strong>LPR-Vorsitzende:<\/strong><\/p>\n\n\n\n<p><em>Petra B\u00f6nisch<\/em>; Geschichte\/GRW<br>petra.boenisch@franziskaneum.lernsax.de<\/p>\n\n\n\n<p><strong>weitere Mitglieder:<\/strong><\/p>\n\n\n\n<p><em>Annette Adler<\/em>;&nbsp; Englisch\/Deutsch<br>annette.adler@franziskaneum.lernsax.de<\/p>\n\n\n\n<p><em>Kerstin Lochmann<\/em>; Mathematik\/Physik<br>kerstin.lochmann@franziskaneum.lernsax.de<\/p>\n\n\n\n<p>Kerstin Rimpler; Kunst, Deutsch, Gewi-Profil<br>kerstin.rimpler@franziskaneum.lernsax.de<\/p>\n\n\n\n<p><em>Cornelius Henker; <\/em>Evagelische Religion\/Geschichte<br>cornelius.henker@franziskaneum.lernsax.de<\/p>\n","protected":false},"excerpt":{"rendered":"<p>An unserer Schule geh\u00f6ren folgende Lehrer zum Personalrat (gew\u00e4hlt bis Mai 2021): LPR-Vorsitzende: Petra B\u00f6nisch; Geschichte\/GRWpetra.boenisch@franziskaneum.lernsax.de weitere Mitglieder: Annette Adler;&nbsp; Englisch\/Deutschannette.adler@franziskaneum.lernsax.de Kerstin Lochmann; Mathematik\/Physikkerstin.lochmann@franziskaneum.lernsax.de Kerstin Rimpler; Kunst, Deutsch, Gewi-Profilkerstin.rimpler@franziskaneum.lernsax.de Cornelius Henker; Evagelische Religion\/Geschichtecornelius.henker@franziskaneum.lernsax.de<\/p>\n","protected":false},"author":4,"featured_media":0,"parent":0,"menu_order":0,"comment_status":"closed","ping_status":"closed","template":"","meta":{"_kadence_starter_templates_imported_post":false,"_kad_post_transparent":"","_kad_post_title":"","_kad_post_layout":"","_kad_post_sidebar_id":"","_kad_post_content_style":"","_kad_post_vertical_padding":"","_kad_post_feature":"","_kad_post_feature_position":"","_kad_post_header":false,"_kad_post_footer":false,"_kad_post_classname":"","footnotes":""},"class_list":["post-357","page","type-page","status-publish","hentry"],"_links":{"self":[{"href":"https:\/\/www.franziskaneum.de\/wp\/wp-json\/wp\/v2\/pages\/357","targetHints":{"allow":["GET"]}}],"collection":[{"href":"https:\/\/www.franziskaneum.de\/wp\/wp-json\/wp\/v2\/pages"}],"about":[{"href":"https:\/\/www.franziskaneum.de\/wp\/wp-json\/wp\/v2\/types\/page"}],"author":[{"embeddable":true,"href":"https:\/\/www.franziskaneum.de\/wp\/wp-json\/wp\/v2\/users\/4"}],"replies":[{"embeddable":true,"href":"https:\/\/www.franziskaneum.de\/wp\/wp-json\/wp\/v2\/comments?post=357"}],"version-history":[{"count":2,"href":"https:\/\/www.franziskaneum.de\/wp\/wp-json\/wp\/v2\/pages\/357\/revisions"}],"predecessor-version":[{"id":13548,"href":"https:\/\/www.franziskaneum.de\/wp\/wp-json\/wp\/v2\/pages\/357\/revisions\/13548"}],"wp:attachment":[{"href":"https:\/\/www.franziskaneum.de\/wp\/wp-json\/wp\/v2\/media?parent=357"}],"curies":[{"name":"wp","href":"https:\/\/api.w.org\/{rel}","templated":true}]}}