{"id":39,"date":"2025-01-03T16:39:24","date_gmt":"2025-01-03T15:39:24","guid":{"rendered":"https:\/\/www.franziskaneum.de\/wp\/home\/"},"modified":"2026-04-16T13:31:30","modified_gmt":"2026-04-16T11:31:30","slug":"startseite","status":"publish","type":"page","link":"https:\/\/www.franziskaneum.de\/wp\/","title":{"rendered":"Startseite"},"content":{"rendered":"<style>.kb-row-layout-id39_1e67ae-78 > .kt-row-column-wrap{align-content:center;}:where(.kb-row-layout-id39_1e67ae-78 > .kt-row-column-wrap) > .wp-block-kadence-column{justify-content:center;}.kb-row-layout-id39_1e67ae-78 > .kt-row-column-wrap{column-gap:var(--global-kb-gap-md, 2rem);row-gap:var(--global-kb-gap-md, 2rem);max-width:var( --global-content-width, 1290px );padding-left:var(--global-content-edge-padding);padding-right:var(--global-content-edge-padding);padding-top:198px;padding-bottom:160px;min-height:186px;grid-template-columns:minmax(0, 1fr);}.kb-row-layout-id39_1e67ae-78{background-image:url('https:\/\/www.franziskaneum.de\/wp\/wp-content\/uploads\/2025\/01\/PXL_20230907_092451408.PANO3_-scaled.jpg');background-size:cover;background-position:44% 40%;background-attachment:scroll;background-repeat:no-repeat;}.kb-row-layout-id39_1e67ae-78 > .kt-row-layout-overlay{opacity:0.33;}@media all and (max-width: 1024px){.kb-row-layout-id39_1e67ae-78 > .kt-row-column-wrap{padding-top:200px;grid-template-columns:minmax(0, 1fr);}}@media all and (max-width: 767px){.kb-row-layout-id39_1e67ae-78 > .kt-row-column-wrap{padding-top:140px;padding-bottom:140px;grid-template-columns:minmax(0, 1fr);}}<\/style><div class=\"kb-row-layout-wrap kb-row-layout-id39_1e67ae-78 alignfull kt-row-has-bg wp-block-kadence-rowlayout\"><div class=\"kt-row-column-wrap kt-has-1-columns kt-row-layout-equal kt-tab-layout-inherit kt-mobile-layout-row kt-row-valign-middle kb-theme-content-width\">\n<style>.kadence-column39_d79fe7-c8 > .kt-inside-inner-col{display:flex;}.kadence-column39_d79fe7-c8 > .kt-inside-inner-col,.kadence-column39_d79fe7-c8 > .kt-inside-inner-col:before{border-top-left-radius:0px;border-top-right-radius:0px;border-bottom-right-radius:0px;border-bottom-left-radius:0px;}.kadence-column39_d79fe7-c8 > .kt-inside-inner-col{column-gap:var(--global-kb-gap-sm, 1rem);}.kadence-column39_d79fe7-c8 > .kt-inside-inner-col{flex-direction:column;align-items:center;}.kadence-column39_d79fe7-c8 > .kt-inside-inner-col > .kb-image-is-ratio-size{align-self:stretch;}.kadence-column39_d79fe7-c8 > .kt-inside-inner-col > .wp-block-kadence-advancedgallery{align-self:stretch;}.kadence-column39_d79fe7-c8 > .kt-inside-inner-col > .aligncenter{width:100%;}.kadence-column39_d79fe7-c8 > .kt-inside-inner-col:before{opacity:0.3;}.kadence-column39_d79fe7-c8{position:relative;}@media all and (max-width: 1024px){.kadence-column39_d79fe7-c8 > .kt-inside-inner-col{flex-direction:column;justify-content:center;align-items:center;}}@media all and (max-width: 767px){.kadence-column39_d79fe7-c8 > .kt-inside-inner-col{flex-direction:column;justify-content:center;align-items:center;}}<\/style>\n<div class=\"wp-block-kadence-column kadence-column39_d79fe7-c8 inner-column-1\"><div class=\"kt-inside-inner-col\"><style>.wp-block-kadence-advancedheading.kt-adv-heading39_a8806a-c4, .wp-block-kadence-advancedheading.kt-adv-heading39_a8806a-c4[data-kb-block=\"kb-adv-heading39_a8806a-c4\"]{font-size:var(--global-kb-font-size-xxl, 4rem);line-height:1.2;font-weight:500;font-style:normal;}.wp-block-kadence-advancedheading.kt-adv-heading39_a8806a-c4 mark.kt-highlight, .wp-block-kadence-advancedheading.kt-adv-heading39_a8806a-c4[data-kb-block=\"kb-adv-heading39_a8806a-c4\"] mark.kt-highlight{font-style:normal;color:#f76a0c;-webkit-box-decoration-break:clone;box-decoration-break:clone;padding-top:0px;padding-right:0px;padding-bottom:0px;padding-left:0px;}.wp-block-kadence-advancedheading.kt-adv-heading39_a8806a-c4 img.kb-inline-image, .wp-block-kadence-advancedheading.kt-adv-heading39_a8806a-c4[data-kb-block=\"kb-adv-heading39_a8806a-c4\"] img.kb-inline-image{width:150px;vertical-align:baseline;}@media all and (max-width: 1024px){.wp-block-kadence-advancedheading.kt-adv-heading39_a8806a-c4, .wp-block-kadence-advancedheading.kt-adv-heading39_a8806a-c4[data-kb-block=\"kb-adv-heading39_a8806a-c4\"]{text-align:center!important;}}@media all and (max-width: 767px){.wp-block-kadence-advancedheading.kt-adv-heading39_a8806a-c4, .wp-block-kadence-advancedheading.kt-adv-heading39_a8806a-c4[data-kb-block=\"kb-adv-heading39_a8806a-c4\"]{font-size:40px;text-align:left!important;}}<\/style>\n<h1 class=\"kt-adv-heading39_a8806a-c4 wp-block-kadence-advancedheading has-theme-palette-9-color has-text-color\" data-kb-block=\"kb-adv-heading39_a8806a-c4\">Franziskaneum Mei\u00dfen<\/h1>\n\n\n<style>.wp-block-kadence-advancedheading.kt-adv-heading39_d77414-28, .wp-block-kadence-advancedheading.kt-adv-heading39_d77414-28[data-kb-block=\"kb-adv-heading39_d77414-28\"]{font-style:normal;}.wp-block-kadence-advancedheading.kt-adv-heading39_d77414-28 mark.kt-highlight, .wp-block-kadence-advancedheading.kt-adv-heading39_d77414-28[data-kb-block=\"kb-adv-heading39_d77414-28\"] mark.kt-highlight{font-style:normal;color:#f76a0c;-webkit-box-decoration-break:clone;box-decoration-break:clone;padding-top:0px;padding-right:0px;padding-bottom:0px;padding-left:0px;}.wp-block-kadence-advancedheading.kt-adv-heading39_d77414-28 img.kb-inline-image, .wp-block-kadence-advancedheading.kt-adv-heading39_d77414-28[data-kb-block=\"kb-adv-heading39_d77414-28\"] img.kb-inline-image{width:150px;vertical-align:baseline;}@media all and (max-width: 1024px){.wp-block-kadence-advancedheading.kt-adv-heading39_d77414-28, .wp-block-kadence-advancedheading.kt-adv-heading39_d77414-28[data-kb-block=\"kb-adv-heading39_d77414-28\"]{text-align:center!important;}}@media all and (max-width: 767px){.wp-block-kadence-advancedheading.kt-adv-heading39_d77414-28, .wp-block-kadence-advancedheading.kt-adv-heading39_d77414-28[data-kb-block=\"kb-adv-heading39_d77414-28\"]{text-align:left!important;}}<\/style>\n<p class=\"kt-adv-heading39_d77414-28 wp-block-kadence-advancedheading has-theme-palette-8-color has-text-color\" data-kb-block=\"kb-adv-heading39_d77414-28\"> <\/p>\n\n\n<style>.wp-block-kadence-advancedbtn.kb-btns39_fe051f-86{gap:var(--global-kb-gap-xs, 0.5rem );justify-content:center;align-items:center;}.kt-btns39_fe051f-86 .kt-button{font-weight:normal;font-style:normal;}@media all and (max-width: 1024px){.wp-block-kadence-advancedbtn.kb-btns39_fe051f-86{justify-content:center;}}<\/style>\n<div class=\"wp-block-kadence-advancedbtn kb-buttons-wrap kb-btns39_fe051f-86\"><style>ul.menu .wp-block-kadence-advancedbtn .kb-btn39_2d9a49-1a.kb-button{width:initial;}.wp-block-kadence-advancedbtn .kb-btn39_2d9a49-1a.kb-button{text-transform:none;border-top:0px solid rgba(85, 85, 85, 0.02);border-right:0px solid rgba(85, 85, 85, 0.02);border-bottom:0px solid rgba(85, 85, 85, 0.02);border-left:0px solid rgba(85, 85, 85, 0.02);padding-right:20px;padding-left:20px;}@media all and (max-width: 1024px){.wp-block-kadence-advancedbtn .kb-btn39_2d9a49-1a.kb-button{border-top:0px solid rgba(85, 85, 85, 0.02);border-right:0px solid rgba(85, 85, 85, 0.02);border-bottom:0px solid rgba(85, 85, 85, 0.02);border-left:0px solid rgba(85, 85, 85, 0.02);}}@media all and (max-width: 767px){.wp-block-kadence-advancedbtn .kb-btn39_2d9a49-1a.kb-button{border-top:0px solid rgba(85, 85, 85, 0.02);border-right:0px solid rgba(85, 85, 85, 0.02);border-bottom:0px solid rgba(85, 85, 85, 0.02);border-left:0px solid rgba(85, 85, 85, 0.02);}}<\/style><a class=\"kb-button kt-button button kb-btn39_2d9a49-1a kt-btn-size-standard kt-btn-width-type-auto kb-btn-global-inherit  kt-btn-has-text-true kt-btn-has-svg-false  wp-block-button__link wp-block-kadence-singlebtn\" href=\"#colophon\"><span class=\"kt-btn-inner-text\">Kontaktieren Sie uns<\/span><\/a><\/div>\n<\/div><\/div>\n\n<\/div><\/div>\n\n<style>.kadence-column39_c1e0b5-b8 > .kt-inside-inner-col{display:flex;}.kadence-column39_c1e0b5-b8 > .kt-inside-inner-col{min-height:300px;}.kadence-column39_c1e0b5-b8 > .kt-inside-inner-col,.kadence-column39_c1e0b5-b8 > .kt-inside-inner-col:before{border-top-left-radius:0px;border-top-right-radius:0px;border-bottom-right-radius:0px;border-bottom-left-radius:0px;}.kadence-column39_c1e0b5-b8 > .kt-inside-inner-col{row-gap:var(--global-kb-gap-none, 0rem );column-gap:var(--global-kb-gap-sm, 1rem);}.kadence-column39_c1e0b5-b8 > .kt-inside-inner-col{flex-direction:column;justify-content:center;align-items:center;}.kadence-column39_c1e0b5-b8 > .kt-inside-inner-col > .kb-image-is-ratio-size{align-self:stretch;}.kadence-column39_c1e0b5-b8 > .kt-inside-inner-col > .wp-block-kadence-advancedgallery{align-self:stretch;}.kadence-column39_c1e0b5-b8 > .kt-inside-inner-col > .aligncenter{width:100%;}.kt-row-column-wrap > .kadence-column39_c1e0b5-b8{align-self:center;}.kt-inner-column-height-full:not(.kt-has-1-columns) > .wp-block-kadence-column.kadence-column39_c1e0b5-b8{align-self:auto;}.kt-inner-column-height-full:not(.kt-has-1-columns) > .wp-block-kadence-column.kadence-column39_c1e0b5-b8 > .kt-inside-inner-col{flex-direction:column;justify-content:center;}.kadence-column39_c1e0b5-b8 > .kt-inside-inner-col{background-color:var(--global-palette4, #2D3748);background-image:url('https:\/\/www.franziskaneum.de\/wp\/wp-content\/uploads\/2025\/12\/Spendenaktion_Schulsozialarbeiter.png');background-size:cover;background-position:45% 28.000000000000004%;background-attachment:scroll;background-repeat:no-repeat;}.kadence-column39_c1e0b5-b8 > .kt-inside-inner-col:before{opacity:0.3;background-color:var(--global-palette6, #718096);}.kadence-column39_c1e0b5-b8{position:relative;}@media all and (max-width: 1024px){.kt-row-column-wrap > .kadence-column39_c1e0b5-b8{align-self:center;}}@media all and (max-width: 1024px){.kt-inner-column-height-full:not(.kt-has-1-columns) > .wp-block-kadence-column.kadence-column39_c1e0b5-b8{align-self:auto;}}@media all and (max-width: 1024px){.kt-inner-column-height-full:not(.kt-has-1-columns) > .wp-block-kadence-column.kadence-column39_c1e0b5-b8 > .kt-inside-inner-col{flex-direction:column;justify-content:center;}}@media all and (max-width: 1024px){.kadence-column39_c1e0b5-b8 > .kt-inside-inner-col{flex-direction:column;justify-content:center;align-items:center;}}@media all and (max-width: 767px){.kt-row-column-wrap > .kadence-column39_c1e0b5-b8{align-self:center;}.kt-inner-column-height-full:not(.kt-has-1-columns) > .wp-block-kadence-column.kadence-column39_c1e0b5-b8{align-self:auto;}.kt-inner-column-height-full:not(.kt-has-1-columns) > .wp-block-kadence-column.kadence-column39_c1e0b5-b8 > .kt-inside-inner-col{flex-direction:column;justify-content:center;}.kadence-column39_c1e0b5-b8 > .kt-inside-inner-col{flex-direction:column;justify-content:center;align-items:center;}}<\/style>\n<div class=\"wp-block-kadence-column kadence-column39_c1e0b5-b8 kb-section-has-overlay alignfull\"><div class=\"kt-inside-inner-col\">\n<div class=\"wp-block-buttons is-content-justification-center is-layout-flex wp-container-core-buttons-is-layout-16018d1d wp-block-buttons-is-layout-flex\">\n<div class=\"wp-block-button\"><a class=\"wp-block-button__link wp-element-button\" href=\"https:\/\/www.franziskaneum.de\/wp\/2025\/12\/15\/spendenaktion-schulsozialarbeit-am-franziskaneum-sichern-bitte-unterstuetzen-sie-uns\/\">Bitte unterst\u00fctzen Sie uns!<\/a><\/div>\n<\/div>\n\n\n<style>.wp-block-kadence-advancedheading.kt-adv-heading39_27e682-2f, .wp-block-kadence-advancedheading.kt-adv-heading39_27e682-2f[data-kb-block=\"kb-adv-heading39_27e682-2f\"]{text-align:center;font-style:normal;}.wp-block-kadence-advancedheading.kt-adv-heading39_27e682-2f mark.kt-highlight, .wp-block-kadence-advancedheading.kt-adv-heading39_27e682-2f[data-kb-block=\"kb-adv-heading39_27e682-2f\"] mark.kt-highlight{font-style:normal;color:#f76a0c;-webkit-box-decoration-break:clone;box-decoration-break:clone;padding-top:0px;padding-right:0px;padding-bottom:0px;padding-left:0px;}.wp-block-kadence-advancedheading.kt-adv-heading39_27e682-2f img.kb-inline-image, .wp-block-kadence-advancedheading.kt-adv-heading39_27e682-2f[data-kb-block=\"kb-adv-heading39_27e682-2f\"] img.kb-inline-image{width:150px;vertical-align:baseline;}<\/style>\n<p class=\"kt-adv-heading39_27e682-2f wp-block-kadence-advancedheading has-theme-palette-2-color has-text-color\" data-kb-block=\"kb-adv-heading39_27e682-2f\">Spendenaktion \u201eSchulsozialarbeit am Franziskaneum sichern\u201c<br>Spendenziel 2026: 60.000 Euro<br> <strong>schon erreicht (Stand15.04.26):35.896\u20ac<\/strong><br><\/p>\n<\/div><\/div>\n\n\n\n\n<style>.kadence-column39_c5e303-45 > .kt-inside-inner-col,.kadence-column39_c5e303-45 > .kt-inside-inner-col:before{border-top-left-radius:0px;border-top-right-radius:0px;border-bottom-right-radius:0px;border-bottom-left-radius:0px;}.kadence-column39_c5e303-45 > .kt-inside-inner-col{column-gap:var(--global-kb-gap-sm, 1rem);}.kadence-column39_c5e303-45 > .kt-inside-inner-col{flex-direction:column;}.kadence-column39_c5e303-45 > .kt-inside-inner-col > .aligncenter{width:100%;}.kadence-column39_c5e303-45 > .kt-inside-inner-col:before{opacity:0.3;}.kadence-column39_c5e303-45{position:relative;}@media all and (max-width: 1024px){.kadence-column39_c5e303-45 > .kt-inside-inner-col{flex-direction:column;justify-content:center;}}@media all and (max-width: 767px){.kadence-column39_c5e303-45 > .kt-inside-inner-col{flex-direction:column;justify-content:center;}}<\/style>\n<div class=\"wp-block-kadence-column kadence-column39_c5e303-45\"><div class=\"kt-inside-inner-col\"><\/div><\/div>\n\n\n\n\n\n\n\n<p><\/p>\n","protected":false},"excerpt":{"rendered":"<p>Franziskaneum Mei\u00dfen Spendenaktion \u201eSchulsozialarbeit am Franziskaneum sichern\u201cSpendenziel 2026: 60.000 Euro schon erreicht (Stand15.04.26):35.896\u20ac Werde Franziskaner und trete einem Team kompetenter Lehrkr\u00e4fte bei! Werde Sch\u00fcler und profitiere von den zahlreichen Angeboten! Komm mal zum Tag der offenen T\u00fcr und lass dich begeistern!<\/p>\n","protected":false},"author":1,"featured_media":63,"parent":0,"menu_order":0,"comment_status":"closed","ping_status":"closed","template":"","meta":{"_kadence_starter_templates_imported_post":true,"_kad_post_transparent":"","_kad_post_title":"hide","_kad_post_layout":"normal","_kad_post_sidebar_id":"","_kad_post_content_style":"unboxed","_kad_post_vertical_padding":"top","_kad_post_feature":"default","_kad_post_feature_position":"","_kad_post_header":false,"_kad_post_footer":false,"_kad_post_classname":"","footnotes":""},"class_list":["post-39","page","type-page","status-publish","has-post-thumbnail","hentry"],"_links":{"self":[{"href":"https:\/\/www.franziskaneum.de\/wp\/wp-json\/wp\/v2\/pages\/39","targetHints":{"allow":["GET"]}}],"collection":[{"href":"https:\/\/www.franziskaneum.de\/wp\/wp-json\/wp\/v2\/pages"}],"about":[{"href":"https:\/\/www.franziskaneum.de\/wp\/wp-json\/wp\/v2\/types\/page"}],"author":[{"embeddable":true,"href":"https:\/\/www.franziskaneum.de\/wp\/wp-json\/wp\/v2\/users\/1"}],"replies":[{"embeddable":true,"href":"https:\/\/www.franziskaneum.de\/wp\/wp-json\/wp\/v2\/comments?post=39"}],"version-history":[{"count":21,"href":"https:\/\/www.franziskaneum.de\/wp\/wp-json\/wp\/v2\/pages\/39\/revisions"}],"predecessor-version":[{"id":13819,"href":"https:\/\/www.franziskaneum.de\/wp\/wp-json\/wp\/v2\/pages\/39\/revisions\/13819"}],"wp:featuredmedia":[{"embeddable":true,"href":"https:\/\/www.franziskaneum.de\/wp\/wp-json\/wp\/v2\/media\/63"}],"wp:attachment":[{"href":"https:\/\/www.franziskaneum.de\/wp\/wp-json\/wp\/v2\/media?parent=39"}],"curies":[{"name":"wp","href":"https:\/\/api.w.org\/{rel}","templated":true}]}}